{"id":13,"date":"2021-08-30T14:54:05","date_gmt":"2021-08-30T12:54:05","guid":{"rendered":"http:\/\/patryk-93710.cba.pl\/wordpress\/?page_id=13"},"modified":"2022-09-02T16:47:54","modified_gmt":"2022-09-02T14:47:54","slug":"sakramenty","status":"publish","type":"page","link":"https:\/\/parafia-mm-dobrodzien.pl\/index.php\/sakramenty\/","title":{"rendered":"Sakramenty"},"content":{"rendered":"\n<div class=\"wp-block-group is-layout-flow wp-block-group-is-layout-flow\">\n<div class=\"wp-block-columns is-layout-flex wp-container-core-columns-is-layout-28f84493 wp-block-columns-is-layout-flex\">\n<div class=\"wp-block-column is-layout-flow wp-block-column-is-layout-flow\" style=\"flex-basis:100%\">\n<div class=\"wp-block-columns is-layout-flex wp-container-core-columns-is-layout-28f84493 wp-block-columns-is-layout-flex\">\n<div class=\"wp-block-column is-layout-flow wp-block-column-is-layout-flow\" style=\"flex-basis:33.33%\">\n<figure class=\"wp-block-image size-medium\"><img loading=\"lazy\" decoding=\"async\" width=\"300\" height=\"193\" src=\"https:\/\/parafia-mm-dobrodzien.pl\/wp-content\/uploads\/2021\/09\/chrzest-sakrament-300x193.jpg\" alt=\"\" class=\"wp-image-346\" srcset=\"https:\/\/parafia-mm-dobrodzien.pl\/wp-content\/uploads\/2021\/09\/chrzest-sakrament-300x193.jpg 300w, https:\/\/parafia-mm-dobrodzien.pl\/wp-content\/uploads\/2021\/09\/chrzest-sakrament-768x494.jpg 768w, https:\/\/parafia-mm-dobrodzien.pl\/wp-content\/uploads\/2021\/09\/chrzest-sakrament.jpg 900w\" sizes=\"auto, (max-width: 300px) 100vw, 300px\" \/><\/figure>\n<\/div>\n\n\n\n<div class=\"wp-block-column is-layout-flow wp-block-column-is-layout-flow\" style=\"flex-basis:66.67%\">\n<p style=\"font-size: 18px; color: #9370DB; font-weight: bold;\">Chrzest \u015awi\u0119ty<\/p>\n<p>Chrzty w parafii odbywaj\u0105 si\u0119 w dowolnym dniu. Co najmniej na tydzie\u0144 przed chrztem nale\u017cy zg\u0142osi\u0107 si\u0119 do kancelarii parafialnej z odpisem aktu urodzenia dziecka. Na tej podstawie zostanie spisany akt chrztu dziecka. <br>\n<br>\nRodzice chrzestni musz\u0105 przedstawi\u0107 \u015bwiadectwa kwalifikacyjne wystawione przez macierzyst\u0105 parafi\u0119. \u015awiadectwa te nale\u017cy dostarczy\u0107 w dniu spisywania aktu chrztu, a najp\u00f3\u017aniej w dniu chrztu \u015bwi\u0119tego. Nale\u017cy przyby\u0107 do ko\u015bcio\u0142a ok. 10 minut przed uroczysto\u015bci\u0105. Nale\u017cy przynie\u015b\u0107 \u015bwiec\u0119 chrzcieln\u0105 oraz bia\u0142\u0105 szat\u0119.\n<br>\n<br>\nPrzed chrztem zar\u00f3wno rodzice (o ile stan prawny im na to pozwala) jak i rodzice chrzestni powinni przyst\u0105pi\u0107 do sakramentu pojednania. W czasie Mszy \u015bw. nale\u017cy przyst\u0105pi\u0107 do Komunii \u015bw. Dobrze jest ofiarowa\u0107 t\u0119 Komuni\u0119 \u015bwi\u0119t\u0105 w intencji dziecka.<\/p>\n<\/div>\n<\/div>\n<\/div>\n<\/div>\n<\/div>\n\n\n\n<div class=\"wp-block-columns is-layout-flex wp-container-core-columns-is-layout-28f84493 wp-block-columns-is-layout-flex\">\n<div class=\"wp-block-column is-layout-flow wp-block-column-is-layout-flow\" style=\"flex-basis:33.33%\">\n<figure class=\"wp-block-image size-full is-resized\"><img decoding=\"async\" src=\"https:\/\/parafia-mm-dobrodzien.pl\/wp-content\/uploads\/2021\/09\/eucharystia.jpg\" alt=\"\" class=\"wp-image-399\" width=\"300\" srcset=\"https:\/\/parafia-mm-dobrodzien.pl\/wp-content\/uploads\/2021\/09\/eucharystia.jpg 512w, https:\/\/parafia-mm-dobrodzien.pl\/wp-content\/uploads\/2021\/09\/eucharystia-300x200.jpg 300w\" sizes=\"(max-width: 512px) 100vw, 512px\" \/><\/figure>\n<\/div>\n\n\n\n<div class=\"wp-block-column is-layout-flow wp-block-column-is-layout-flow\" style=\"flex-basis:66.67%\">\n<p style=\"font-size: 18px; color: #9370DB; font-weight: bold;\">Eucharystia<\/p>\n<p>MSZE \u015aWI\u0118TE W TYGODNIU<br> 7:00 i 18:00.<\/p>\n<p>Msza \u015bwi\u0119ta szkolna w czwartek o godz. 17:00. <\/p>\n<p>MSZE \u015aWI\u0118TE W NIEDZIELE<br> 18:00 (sobota wiecz\u00f3r); 7:30; 9:00 (w j. niemieckim); 10:30; 17:00.<\/p>\nNieszpory niedzielne o godzinie 16:30.\n<p><\/p>\n<\/div>\n<\/div>\n\n\n\n<div class=\"wp-block-columns is-layout-flex wp-container-core-columns-is-layout-28f84493 wp-block-columns-is-layout-flex\">\n<div class=\"wp-block-column is-layout-flow wp-block-column-is-layout-flow\" style=\"flex-basis:33.33%\">\n<figure class=\"wp-block-image size-full is-resized\"><img loading=\"lazy\" decoding=\"async\" src=\"https:\/\/parafia-mm-dobrodzien.pl\/wp-content\/uploads\/2021\/09\/Spowiedz.jpg\" alt=\"\" class=\"wp-image-376\" width=\"300\" height=\"143\" srcset=\"https:\/\/parafia-mm-dobrodzien.pl\/wp-content\/uploads\/2021\/09\/Spowiedz.jpg 723w, https:\/\/parafia-mm-dobrodzien.pl\/wp-content\/uploads\/2021\/09\/Spowiedz-300x144.jpg 300w\" sizes=\"auto, (max-width: 300px) 100vw, 300px\" \/><\/figure>\n<\/div>\n\n\n\n<div class=\"wp-block-column is-layout-flow wp-block-column-is-layout-flow\" style=\"flex-basis:66.67%\">\n<p style=\"font-size: 18px; color: #9370DB; font-weight: bold;\">Sakrament Pokuty i Pojednania<\/p>\n<p>Mo\u017cliwo\u015b\u0107 przyst\u0105pienia do Sakramentu Pokuty i Pojednania jest codziennie 15 minut przed Msz\u0105 \u015awi\u0119t\u0105. W soboty od 17:30.\n<\/p>\n<\/div>\n<\/div>\n\n\n\n<div class=\"wp-block-columns is-layout-flex wp-container-core-columns-is-layout-28f84493 wp-block-columns-is-layout-flex\">\n<div class=\"wp-block-column is-layout-flow wp-block-column-is-layout-flow\" style=\"flex-basis:33.33%\">\n<figure class=\"wp-block-image size-large is-resized\"><img loading=\"lazy\" decoding=\"async\" src=\"https:\/\/parafia-mm-dobrodzien.pl\/wp-content\/uploads\/2021\/09\/malzenstwo-1024x768.jpg\" alt=\"\" class=\"wp-image-382\" width=\"300\" height=\"193\"\/><\/figure>\n<\/div>\n\n\n\n<div class=\"wp-block-column is-layout-flow wp-block-column-is-layout-flow\" style=\"flex-basis:66.67%\">\n<p style=\"font-size: 18px; color: #9370DB; font-weight: bold;\">Ma\u0142\u017ce\u0144stwo<\/p>\n<p>\nDo ustalenia daty \u015blubu nale\u017cy zg\u0142osi\u0107 si\u0119 rok przed ceremoni\u0105.<br>\nNa spisanie protoko\u0142u przed\u015blubnego nale\u017cy um\u00f3wi\u0107 si\u0119 3 miesi\u0105ce przed planowanym \u015blubem. <br>\nDo przygotowania tego dokumentu potrzebne s\u0105:\n<\/p><ul>\n<li>metryka chrztu \u015bwi\u0119tego,<\/li>\n<li>\u015bwiadectwo bierzmowania,<\/li>\n<li>kserokopia \u015bwiadectwa uko\u0144czenia szko\u0142y ponadpodstawowej,<\/li>\n<li>za\u015bwiadczenie o uko\u0144czeniu przygotowania do ma\u0142\u017ce\u0144stwa (nauki przed\u015blubne),<\/li>\n<li>dow\u00f3d osobisty.<\/li><\/ul>Do \u015blubu konkordatowego potrzebne s\u0105 odpowiednie dokumentu z Urz\u0119du Stanu Cywilnego. <br>\nNauki przed\u015blubne organizowane s\u0105 o godz. 16:00 w salkach katechetycznych w ka\u017cd\u0105 pierwsz\u0105 i&nbsp;drug\u0105 sobot\u0119:\nwrze\u015bnia, adwentu, wielkiego postu i czerwca.<p><\/p>\n<\/div>\n<\/div>\n","protected":false},"excerpt":{"rendered":"<p>Chrzest \u015awi\u0119ty Chrzty w parafii odbywaj\u0105 si\u0119 w dowolnym dniu. Co najmniej na tydzie\u0144 przed chrztem nale\u017cy zg\u0142osi\u0107 si\u0119 do<\/p>\n","protected":false},"author":1,"featured_media":0,"parent":0,"menu_order":0,"comment_status":"closed","ping_status":"closed","template":"","meta":{"colormag_page_container_layout":"no_sidebar_full_width","colormag_page_sidebar_layout":"no_sidebar","footnotes":""},"class_list":["post-13","page","type-page","status-publish","hentry"],"_links":{"self":[{"href":"https:\/\/parafia-mm-dobrodzien.pl\/index.php\/wp-json\/wp\/v2\/pages\/13","targetHints":{"allow":["GET"]}}],"collection":[{"href":"https:\/\/parafia-mm-dobrodzien.pl\/index.php\/wp-json\/wp\/v2\/pages"}],"about":[{"href":"https:\/\/parafia-mm-dobrodzien.pl\/index.php\/wp-json\/wp\/v2\/types\/page"}],"author":[{"embeddable":true,"href":"https:\/\/parafia-mm-dobrodzien.pl\/index.php\/wp-json\/wp\/v2\/users\/1"}],"replies":[{"embeddable":true,"href":"https:\/\/parafia-mm-dobrodzien.pl\/index.php\/wp-json\/wp\/v2\/comments?post=13"}],"version-history":[{"count":75,"href":"https:\/\/parafia-mm-dobrodzien.pl\/index.php\/wp-json\/wp\/v2\/pages\/13\/revisions"}],"predecessor-version":[{"id":957,"href":"https:\/\/parafia-mm-dobrodzien.pl\/index.php\/wp-json\/wp\/v2\/pages\/13\/revisions\/957"}],"wp:attachment":[{"href":"https:\/\/parafia-mm-dobrodzien.pl\/index.php\/wp-json\/wp\/v2\/media?parent=13"}],"curies":[{"name":"wp","href":"https:\/\/api.w.org\/{rel}","templated":true}]}}