{"id":14,"date":"2021-08-30T14:54:05","date_gmt":"2021-08-30T12:54:05","guid":{"rendered":"http:\/\/patryk-93710.cba.pl\/wordpress\/?page_id=14"},"modified":"2024-08-25T21:33:34","modified_gmt":"2024-08-25T19:33:34","slug":"kontakt","status":"publish","type":"page","link":"https:\/\/parafia-mm-dobrodzien.pl\/index.php\/kontakt\/","title":{"rendered":"Kontakt"},"content":{"rendered":"\n<div class=\"wp-block-media-text alignwide is-stacked-on-mobile kosciol-kontakt\" style=\"grid-template-columns:18% auto\"><figure class=\"wp-block-media-text__media\"><img loading=\"lazy\" decoding=\"async\" width=\"819\" height=\"1024\" src=\"https:\/\/parafia-mm-dobrodzien.pl\/wp-content\/uploads\/2021\/09\/IMG_0918-1edit-819x1024.jpg\" alt=\"\" class=\"wp-image-442 size-full\" srcset=\"https:\/\/parafia-mm-dobrodzien.pl\/wp-content\/uploads\/2021\/09\/IMG_0918-1edit-819x1024.jpg 819w, https:\/\/parafia-mm-dobrodzien.pl\/wp-content\/uploads\/2021\/09\/IMG_0918-1edit-240x300.jpg 240w, https:\/\/parafia-mm-dobrodzien.pl\/wp-content\/uploads\/2021\/09\/IMG_0918-1edit-768x960.jpg 768w, https:\/\/parafia-mm-dobrodzien.pl\/wp-content\/uploads\/2021\/09\/IMG_0918-1edit-1229x1536.jpg 1229w, https:\/\/parafia-mm-dobrodzien.pl\/wp-content\/uploads\/2021\/09\/IMG_0918-1edit-1638x2048.jpg 1638w, https:\/\/parafia-mm-dobrodzien.pl\/wp-content\/uploads\/2021\/09\/IMG_0918-1edit.jpg 1831w\" sizes=\"auto, (max-width: 819px) 100vw, 819px\" \/><\/figure><div class=\"wp-block-media-text__content\">\n<p class=\"has-normal-font-size\"><strong>Rzymskokatolicka Parafia \u015bw. Marii Magdaleny<\/strong><\/p>\n\n\n\n<p>Plac Wolno\u015bci 4<\/p>\n\n\n\n<p>46-380 Dobrodzie\u0144<\/p>\n\n\n\n<p>tel.: (0-34) 35 753 15<\/p>\n<\/div><\/div>\n\n\n\n<p><\/p>\n\n\n\n<p><strong>Proboszcz:<\/strong> ks. Mariusz Kleman<\/p>\n\n\n\n<p><strong>Wikariusz:<\/strong> ks. Kamil Wocka<\/p>\n\n\n\n<br>\n\n\n\n<p><strong>Kancelaria parafialna czynna:<\/strong><\/p>\n\n\n\n<p>Godziny urz\u0119dowania kancelarii parafialnej<br>s\u0105 nast\u0119puj\u0105ce: <\/p>\n\n\n\n<p>Poniedzia\u0142ek i pi\u0105tek 17.00-18.00<\/p>\n\n\n\n<p>Wtorek i czwartek 9.00-11.00<\/p>\n\n\n\n<p>\u015aroda nieczynne<\/p>\n","protected":false},"excerpt":{"rendered":"<p>Rzymskokatolicka Parafia \u015bw. Marii Magdaleny Plac Wolno\u015bci 4 46-380 Dobrodzie\u0144 tel.: (0-34) 35 753 15 Proboszcz: ks. Mariusz Kleman Wikariusz:<\/p>\n","protected":false},"author":1,"featured_media":0,"parent":0,"menu_order":0,"comment_status":"closed","ping_status":"closed","template":"","meta":{"colormag_page_container_layout":"no_sidebar_full_width","colormag_page_sidebar_layout":"no_sidebar","footnotes":""},"class_list":["post-14","page","type-page","status-publish","hentry"],"_links":{"self":[{"href":"https:\/\/parafia-mm-dobrodzien.pl\/index.php\/wp-json\/wp\/v2\/pages\/14","targetHints":{"allow":["GET"]}}],"collection":[{"href":"https:\/\/parafia-mm-dobrodzien.pl\/index.php\/wp-json\/wp\/v2\/pages"}],"about":[{"href":"https:\/\/parafia-mm-dobrodzien.pl\/index.php\/wp-json\/wp\/v2\/types\/page"}],"author":[{"embeddable":true,"href":"https:\/\/parafia-mm-dobrodzien.pl\/index.php\/wp-json\/wp\/v2\/users\/1"}],"replies":[{"embeddable":true,"href":"https:\/\/parafia-mm-dobrodzien.pl\/index.php\/wp-json\/wp\/v2\/comments?post=14"}],"version-history":[{"count":18,"href":"https:\/\/parafia-mm-dobrodzien.pl\/index.php\/wp-json\/wp\/v2\/pages\/14\/revisions"}],"predecessor-version":[{"id":1907,"href":"https:\/\/parafia-mm-dobrodzien.pl\/index.php\/wp-json\/wp\/v2\/pages\/14\/revisions\/1907"}],"wp:attachment":[{"href":"https:\/\/parafia-mm-dobrodzien.pl\/index.php\/wp-json\/wp\/v2\/media?parent=14"}],"curies":[{"name":"wp","href":"https:\/\/api.w.org\/{rel}","templated":true}]}}