{"id":686,"date":"2022-03-01T19:38:15","date_gmt":"2022-03-01T18:38:15","guid":{"rendered":"https:\/\/parafia-mm-dobrodzien.pl\/?page_id=686"},"modified":"2024-03-30T19:44:48","modified_gmt":"2024-03-30T18:44:48","slug":"uroczystosc-odpustowa-ku-czci-swietego-walentego-14-02-2022","status":"publish","type":"page","link":"https:\/\/parafia-mm-dobrodzien.pl\/index.php\/home-2\/galeria\/uroczystosc-odpustowa-ku-czci-swietego-walentego-14-02-2022\/","title":{"rendered":"Uroczysto\u015b\u0107 odpustowa ku czci \u015bwi\u0119tego Walentego 14.02.2022"},"content":{"rendered":"\n<div  id=\"jtg-676\" class=\"modula modula-gallery modula-custom-grid\" data-config=\"{&quot;height&quot;:800,&quot;tabletHeight&quot;:800,&quot;mobileHeight&quot;:800,&quot;desktopHeight&quot;:800,&quot;enableTwitter&quot;:false,&quot;enableWhatsapp&quot;:false,&quot;enableFacebook&quot;:false,&quot;enablePinterest&quot;:false,&quot;enableLinkedin&quot;:false,&quot;enableEmail&quot;:false,&quot;randomFactor&quot;:0.5,&quot;type&quot;:&quot;custom-grid&quot;,&quot;columns&quot;:12,&quot;gutter&quot;:10,&quot;mobileGutter&quot;:10,&quot;tabletGutter&quot;:10,&quot;desktopGutter&quot;:10,&quot;enableResponsive&quot;:&quot;0&quot;,&quot;tabletColumns&quot;:&quot;2&quot;,&quot;mobileColumns&quot;:&quot;1&quot;,&quot;lazyLoad&quot;:0,&quot;lightboxOpts&quot;:{&quot;animated&quot;:true,&quot;Thumbs&quot;:{&quot;type&quot;:&quot;modern&quot;,&quot;showOnStart&quot;:false},&quot;Toolbar&quot;:{&quot;display&quot;:{&quot;right&quot;:[&quot;close&quot;]},&quot;enabled&quot;:true},&quot;Carousel&quot;:{&quot;Panzoom&quot;:{&quot;touch&quot;:true},&quot;infinite&quot;:false},&quot;keyboard&quot;:{&quot;Escape&quot;:&quot;close&quot;,&quot;Delete&quot;:&quot;close&quot;,&quot;Backspace&quot;:&quot;close&quot;,&quot;PageUp&quot;:false,&quot;PageDown&quot;:false,&quot;ArrowUp&quot;:false,&quot;ArrowDown&quot;:false,&quot;ArrowRight&quot;:false,&quot;ArrowLeft&quot;:false},&quot;touch&quot;:false,&quot;backdropClick&quot;:false,&quot;l10n&quot;:{&quot;CLOSE&quot;:&quot;Zamknij&quot;,&quot;NEXT&quot;:&quot;Nast\\u0119pny&quot;,&quot;PREV&quot;:&quot;Poprzedni&quot;,&quot;Error&quot;:&quot;Nie mo\\u017cna wczyta\\u0107 \\u017c\\u0105danej tre\\u015bci. Spr\\u00f3buj ponownie p\\u00f3\\u017aniej.&quot;,&quot;PLAY_START&quot;:&quot;Rozpocznij pokaz slajd\\u00f3w&quot;,&quot;PLAY_STOP&quot;:&quot;Zatrzymaj pokaz slajd\\u00f3w&quot;,&quot;FULL_SCREEN&quot;:&quot;Pe\\u0142ny ekran&quot;,&quot;THUMBS&quot;:&quot;Miniaturki&quot;,&quot;DOWNLOAD&quot;:&quot;Pobieranie&quot;,&quot;SHARE&quot;:&quot;Udost\\u0119pnij&quot;,&quot;ZOOM&quot;:&quot;Powi\\u0119kszenie&quot;,&quot;EMAIL&quot;:&quot;Here is the link to the image : %%image_link%% and this is the link to the gallery : %%gallery_link%%&quot;,&quot;MODAL&quot;:&quot;Mo\\u017cesz zamkn\\u0105\\u0107 t\\u0119 zawarto\\u015b\\u0107 okna modalnego za pomoc\\u0105 klawisza ESC&quot;,&quot;ERROR&quot;:&quot;Co\\u015b posz\\u0142o nie tak. Spr\\u00f3buj ponownie p\\u00f3\\u017aniej&quot;,&quot;IMAGE_ERROR&quot;:&quot;Nie znaleziono obrazka&quot;,&quot;ELEMENT_NOT_FOUND&quot;:&quot;Nie znaleziono elementu HTML&quot;,&quot;AJAX_NOT_FOUND&quot;:&quot;B\\u0142\\u0105d wczytywania AJAX: Nie znaleziono&quot;,&quot;AJAX_FORBIDDEN&quot;:&quot;B\\u0142\\u0105d wczytywania AJAX: Zabronione&quot;,&quot;IFRAME_ERROR&quot;:&quot;B\\u0142\\u0105d wczytywania strony&quot;,&quot;TOGGLE_ZOOM&quot;:&quot;Prze\\u0142\\u0105cz poziom powi\\u0119kszenia&quot;,&quot;TOGGLE_THUMBS&quot;:&quot;Prze\\u0142\\u0105cz miniaturki&quot;,&quot;TOGGLE_SLIDESHOW&quot;:&quot;Prze\\u0142\\u0105cz pokaz slajd\\u00f3w&quot;,&quot;TOGGLE_FULLSCREEN&quot;:&quot;Prze\\u0142\\u0105cz tryb pe\\u0142noekranowy&quot;},&quot;Images&quot;:{&quot;Panzoom&quot;:{&quot;maxScale&quot;:2}},&quot;mainClass&quot;:&quot;modula-fancybox-container modula-lightbox-jtg-676&quot;,&quot;Html&quot;:{&quot;videoAutoplay&quot;:0,&quot;videoTpl&quot;:&quot;&lt;video class=\\&quot;fancybox__html5video\\&quot; controls muted playsinline controlsList controlsList=\\&quot;nodownload\\&quot; poster=\\&quot;{{poster}}\\&quot; src=\\&quot;{{src}}\\&quot; type=\\&quot;{{format}}\\&quot; &gt;  Sorry, your browser doesn&#039;t support embedded videos, &lt;a href=\\&quot;{{src}}\\&quot;&gt; download &lt;\\\/a&gt; and watch with your favorite video player! &lt;\\\/video&gt;&quot;}},&quot;inView&quot;:false,&quot;email_subject&quot;:&quot;Check out this awesome image !!&quot;,&quot;email_message&quot;:&quot;Here is the link to the image : %%image_link%% and this is the link to the gallery : %%gallery_link%%&quot;,&quot;lightbox&quot;:&quot;fancybox&quot;}\">\n\n\t\n\t<div  class=\"modula-items\">\n\t\t<div class=\"modula-item\" data-width=\"2\" data-height=\"2\" >\n\t<div class=\"modula-item-content\">\n\t\t\n\t\t\t\t\t<a data-image-id=\"677\" role=\"button\" tabindex=\"0\" rel=\"jtg-676\" data-caption=\"\" aria-label=\"Otw\u00f3rz obrazek w lightboxie\" class=\"tile-inner modula-item-link\"><\/a>\n\t\t\n\t\t<img loading=\"lazy\" decoding=\"async\" class=\"pic wp-image-677\"  data-valign=\"middle\" data-halign=\"center\" alt=\"\" data-full=\"https:\/\/parafia-mm-dobrodzien.pl\/wp-content\/uploads\/2022\/03\/q9.jpg\" title=\"q9\" crop=\"\" width=\"300\" height=\"225\" src=\"https:\/\/parafia-mm-dobrodzien.pl\/wp-content\/uploads\/2022\/03\/q9-300x225.jpg\" data-src=\"https:\/\/parafia-mm-dobrodzien.pl\/wp-content\/uploads\/2022\/03\/q9-300x225.jpg\" data-caption=\"\" srcset=\"https:\/\/parafia-mm-dobrodzien.pl\/wp-content\/uploads\/2022\/03\/q9.jpg 1998w, https:\/\/parafia-mm-dobrodzien.pl\/wp-content\/uploads\/2022\/03\/q9-300x225.jpg 300w, https:\/\/parafia-mm-dobrodzien.pl\/wp-content\/uploads\/2022\/03\/q9-1024x769.jpg 1024w, https:\/\/parafia-mm-dobrodzien.pl\/wp-content\/uploads\/2022\/03\/q9-768x577.jpg 768w, https:\/\/parafia-mm-dobrodzien.pl\/wp-content\/uploads\/2022\/03\/q9-1536x1153.jpg 1536w\" sizes=\"auto, (max-width: 300px) 100vw, 300px\" \/>\n\t<\/div>\n\n<\/div><div class=\"modula-item\" data-width=\"2\" data-height=\"2\" >\n\t<div class=\"modula-item-content\">\n\t\t\n\t\t\t\t\t<a data-image-id=\"678\" role=\"button\" tabindex=\"0\" rel=\"jtg-676\" data-caption=\"\" aria-label=\"Otw\u00f3rz obrazek w lightboxie\" class=\"tile-inner modula-item-link\"><\/a>\n\t\t\n\t\t<img loading=\"lazy\" decoding=\"async\" class=\"pic wp-image-678\"  data-valign=\"middle\" data-halign=\"center\" alt=\"\" data-full=\"https:\/\/parafia-mm-dobrodzien.pl\/wp-content\/uploads\/2022\/03\/q8.jpg\" title=\"q8\" crop=\"\" width=\"300\" height=\"225\" src=\"https:\/\/parafia-mm-dobrodzien.pl\/wp-content\/uploads\/2022\/03\/q8-300x225.jpg\" data-src=\"https:\/\/parafia-mm-dobrodzien.pl\/wp-content\/uploads\/2022\/03\/q8-300x225.jpg\" data-caption=\"\" srcset=\"https:\/\/parafia-mm-dobrodzien.pl\/wp-content\/uploads\/2022\/03\/q8.jpg 1998w, https:\/\/parafia-mm-dobrodzien.pl\/wp-content\/uploads\/2022\/03\/q8-300x225.jpg 300w, https:\/\/parafia-mm-dobrodzien.pl\/wp-content\/uploads\/2022\/03\/q8-1024x769.jpg 1024w, https:\/\/parafia-mm-dobrodzien.pl\/wp-content\/uploads\/2022\/03\/q8-768x577.jpg 768w, https:\/\/parafia-mm-dobrodzien.pl\/wp-content\/uploads\/2022\/03\/q8-1536x1153.jpg 1536w\" sizes=\"auto, (max-width: 300px) 100vw, 300px\" \/>\n\t<\/div>\n\n<\/div><div class=\"modula-item\" data-width=\"2\" data-height=\"2\" >\n\t<div class=\"modula-item-content\">\n\t\t\n\t\t\t\t\t<a data-image-id=\"679\" role=\"button\" tabindex=\"0\" rel=\"jtg-676\" data-caption=\"\" aria-label=\"Otw\u00f3rz obrazek w lightboxie\" class=\"tile-inner modula-item-link\"><\/a>\n\t\t\n\t\t<img loading=\"lazy\" decoding=\"async\" class=\"pic wp-image-679\"  data-valign=\"middle\" data-halign=\"center\" alt=\"\" data-full=\"https:\/\/parafia-mm-dobrodzien.pl\/wp-content\/uploads\/2022\/03\/q7.jpg\" title=\"q7\" crop=\"\" width=\"300\" height=\"225\" src=\"https:\/\/parafia-mm-dobrodzien.pl\/wp-content\/uploads\/2022\/03\/q7-300x225.jpg\" data-src=\"https:\/\/parafia-mm-dobrodzien.pl\/wp-content\/uploads\/2022\/03\/q7-300x225.jpg\" data-caption=\"\" srcset=\"https:\/\/parafia-mm-dobrodzien.pl\/wp-content\/uploads\/2022\/03\/q7.jpg 1998w, https:\/\/parafia-mm-dobrodzien.pl\/wp-content\/uploads\/2022\/03\/q7-300x225.jpg 300w, https:\/\/parafia-mm-dobrodzien.pl\/wp-content\/uploads\/2022\/03\/q7-1024x769.jpg 1024w, https:\/\/parafia-mm-dobrodzien.pl\/wp-content\/uploads\/2022\/03\/q7-768x577.jpg 768w, https:\/\/parafia-mm-dobrodzien.pl\/wp-content\/uploads\/2022\/03\/q7-1536x1153.jpg 1536w\" sizes=\"auto, (max-width: 300px) 100vw, 300px\" \/>\n\t<\/div>\n\n<\/div><div class=\"modula-item\" data-width=\"2\" data-height=\"2\" >\n\t<div class=\"modula-item-content\">\n\t\t\n\t\t\t\t\t<a data-image-id=\"680\" role=\"button\" tabindex=\"0\" rel=\"jtg-676\" data-caption=\"\" aria-label=\"Otw\u00f3rz obrazek w lightboxie\" class=\"tile-inner modula-item-link\"><\/a>\n\t\t\n\t\t<img loading=\"lazy\" decoding=\"async\" class=\"pic wp-image-680\"  data-valign=\"middle\" data-halign=\"center\" alt=\"\" data-full=\"https:\/\/parafia-mm-dobrodzien.pl\/wp-content\/uploads\/2022\/03\/q6.jpg\" title=\"q6\" crop=\"\" width=\"223\" height=\"300\" src=\"https:\/\/parafia-mm-dobrodzien.pl\/wp-content\/uploads\/2022\/03\/q6-223x300.jpg\" data-src=\"https:\/\/parafia-mm-dobrodzien.pl\/wp-content\/uploads\/2022\/03\/q6-223x300.jpg\" data-caption=\"\" srcset=\"https:\/\/parafia-mm-dobrodzien.pl\/wp-content\/uploads\/2022\/03\/q6.jpg 1488w, https:\/\/parafia-mm-dobrodzien.pl\/wp-content\/uploads\/2022\/03\/q6-223x300.jpg 223w, https:\/\/parafia-mm-dobrodzien.pl\/wp-content\/uploads\/2022\/03\/q6-763x1024.jpg 763w, https:\/\/parafia-mm-dobrodzien.pl\/wp-content\/uploads\/2022\/03\/q6-768x1031.jpg 768w, https:\/\/parafia-mm-dobrodzien.pl\/wp-content\/uploads\/2022\/03\/q6-1144x1536.jpg 1144w\" sizes=\"auto, (max-width: 223px) 100vw, 223px\" \/>\n\t<\/div>\n\n<\/div><div class=\"modula-item\" data-width=\"2\" data-height=\"2\" >\n\t<div class=\"modula-item-content\">\n\t\t\n\t\t\t\t\t<a data-image-id=\"681\" role=\"button\" tabindex=\"0\" rel=\"jtg-676\" data-caption=\"\" aria-label=\"Otw\u00f3rz obrazek w lightboxie\" class=\"tile-inner modula-item-link\"><\/a>\n\t\t\n\t\t<img loading=\"lazy\" decoding=\"async\" class=\"pic wp-image-681\"  data-valign=\"middle\" data-halign=\"center\" alt=\"\" data-full=\"https:\/\/parafia-mm-dobrodzien.pl\/wp-content\/uploads\/2022\/03\/q5.jpg\" title=\"q5\" crop=\"\" width=\"300\" height=\"225\" src=\"https:\/\/parafia-mm-dobrodzien.pl\/wp-content\/uploads\/2022\/03\/q5-300x225.jpg\" data-src=\"https:\/\/parafia-mm-dobrodzien.pl\/wp-content\/uploads\/2022\/03\/q5-300x225.jpg\" data-caption=\"\" srcset=\"https:\/\/parafia-mm-dobrodzien.pl\/wp-content\/uploads\/2022\/03\/q5.jpg 1998w, https:\/\/parafia-mm-dobrodzien.pl\/wp-content\/uploads\/2022\/03\/q5-300x225.jpg 300w, https:\/\/parafia-mm-dobrodzien.pl\/wp-content\/uploads\/2022\/03\/q5-1024x769.jpg 1024w, https:\/\/parafia-mm-dobrodzien.pl\/wp-content\/uploads\/2022\/03\/q5-768x577.jpg 768w, https:\/\/parafia-mm-dobrodzien.pl\/wp-content\/uploads\/2022\/03\/q5-1536x1153.jpg 1536w\" sizes=\"auto, (max-width: 300px) 100vw, 300px\" \/>\n\t<\/div>\n\n<\/div><div class=\"modula-item\" data-width=\"2\" data-height=\"2\" >\n\t<div class=\"modula-item-content\">\n\t\t\n\t\t\t\t\t<a data-image-id=\"682\" role=\"button\" tabindex=\"0\" rel=\"jtg-676\" data-caption=\"\" aria-label=\"Otw\u00f3rz obrazek w lightboxie\" class=\"tile-inner modula-item-link\"><\/a>\n\t\t\n\t\t<img loading=\"lazy\" decoding=\"async\" class=\"pic wp-image-682\"  data-valign=\"middle\" data-halign=\"center\" alt=\"\" data-full=\"https:\/\/parafia-mm-dobrodzien.pl\/wp-content\/uploads\/2022\/03\/q4.jpg\" title=\"q4\" crop=\"\" width=\"300\" height=\"225\" src=\"https:\/\/parafia-mm-dobrodzien.pl\/wp-content\/uploads\/2022\/03\/q4-300x225.jpg\" data-src=\"https:\/\/parafia-mm-dobrodzien.pl\/wp-content\/uploads\/2022\/03\/q4-300x225.jpg\" data-caption=\"\" srcset=\"https:\/\/parafia-mm-dobrodzien.pl\/wp-content\/uploads\/2022\/03\/q4.jpg 1998w, https:\/\/parafia-mm-dobrodzien.pl\/wp-content\/uploads\/2022\/03\/q4-300x225.jpg 300w, https:\/\/parafia-mm-dobrodzien.pl\/wp-content\/uploads\/2022\/03\/q4-1024x769.jpg 1024w, https:\/\/parafia-mm-dobrodzien.pl\/wp-content\/uploads\/2022\/03\/q4-768x577.jpg 768w, https:\/\/parafia-mm-dobrodzien.pl\/wp-content\/uploads\/2022\/03\/q4-1536x1153.jpg 1536w\" sizes=\"auto, (max-width: 300px) 100vw, 300px\" \/>\n\t<\/div>\n\n<\/div><div class=\"modula-item\" data-width=\"2\" data-height=\"2\" >\n\t<div class=\"modula-item-content\">\n\t\t\n\t\t\t\t\t<a data-image-id=\"683\" role=\"button\" tabindex=\"0\" rel=\"jtg-676\" data-caption=\"\" aria-label=\"Otw\u00f3rz obrazek w lightboxie\" class=\"tile-inner modula-item-link\"><\/a>\n\t\t\n\t\t<img loading=\"lazy\" decoding=\"async\" class=\"pic wp-image-683\"  data-valign=\"middle\" data-halign=\"center\" alt=\"\" data-full=\"https:\/\/parafia-mm-dobrodzien.pl\/wp-content\/uploads\/2022\/03\/q3.jpg\" title=\"q3\" crop=\"\" width=\"300\" height=\"225\" src=\"https:\/\/parafia-mm-dobrodzien.pl\/wp-content\/uploads\/2022\/03\/q3-300x225.jpg\" data-src=\"https:\/\/parafia-mm-dobrodzien.pl\/wp-content\/uploads\/2022\/03\/q3-300x225.jpg\" data-caption=\"\" srcset=\"https:\/\/parafia-mm-dobrodzien.pl\/wp-content\/uploads\/2022\/03\/q3.jpg 1998w, https:\/\/parafia-mm-dobrodzien.pl\/wp-content\/uploads\/2022\/03\/q3-300x225.jpg 300w, https:\/\/parafia-mm-dobrodzien.pl\/wp-content\/uploads\/2022\/03\/q3-1024x769.jpg 1024w, https:\/\/parafia-mm-dobrodzien.pl\/wp-content\/uploads\/2022\/03\/q3-768x577.jpg 768w, https:\/\/parafia-mm-dobrodzien.pl\/wp-content\/uploads\/2022\/03\/q3-1536x1153.jpg 1536w\" sizes=\"auto, (max-width: 300px) 100vw, 300px\" \/>\n\t<\/div>\n\n<\/div><div class=\"modula-item\" data-width=\"2\" data-height=\"2\" >\n\t<div class=\"modula-item-content\">\n\t\t\n\t\t\t\t\t<a data-image-id=\"684\" role=\"button\" tabindex=\"0\" rel=\"jtg-676\" data-caption=\"\" aria-label=\"Otw\u00f3rz obrazek w lightboxie\" class=\"tile-inner modula-item-link\"><\/a>\n\t\t\n\t\t<img loading=\"lazy\" decoding=\"async\" class=\"pic wp-image-684\"  data-valign=\"middle\" data-halign=\"center\" alt=\"\" data-full=\"https:\/\/parafia-mm-dobrodzien.pl\/wp-content\/uploads\/2022\/03\/q2.jpg\" title=\"q2\" crop=\"\" width=\"300\" height=\"225\" src=\"https:\/\/parafia-mm-dobrodzien.pl\/wp-content\/uploads\/2022\/03\/q2-300x225.jpg\" data-src=\"https:\/\/parafia-mm-dobrodzien.pl\/wp-content\/uploads\/2022\/03\/q2-300x225.jpg\" data-caption=\"\" srcset=\"https:\/\/parafia-mm-dobrodzien.pl\/wp-content\/uploads\/2022\/03\/q2.jpg 1998w, https:\/\/parafia-mm-dobrodzien.pl\/wp-content\/uploads\/2022\/03\/q2-300x225.jpg 300w, https:\/\/parafia-mm-dobrodzien.pl\/wp-content\/uploads\/2022\/03\/q2-1024x769.jpg 1024w, https:\/\/parafia-mm-dobrodzien.pl\/wp-content\/uploads\/2022\/03\/q2-768x577.jpg 768w, https:\/\/parafia-mm-dobrodzien.pl\/wp-content\/uploads\/2022\/03\/q2-1536x1153.jpg 1536w\" sizes=\"auto, (max-width: 300px) 100vw, 300px\" \/>\n\t<\/div>\n\n<\/div><div class=\"modula-item\" data-width=\"2\" data-height=\"2\" >\n\t<div class=\"modula-item-content\">\n\t\t\n\t\t\t\t\t<a data-image-id=\"685\" role=\"button\" tabindex=\"0\" rel=\"jtg-676\" data-caption=\"\" aria-label=\"Otw\u00f3rz obrazek w lightboxie\" class=\"tile-inner modula-item-link\"><\/a>\n\t\t\n\t\t<img loading=\"lazy\" decoding=\"async\" class=\"pic wp-image-685\"  data-valign=\"middle\" data-halign=\"center\" alt=\"\" data-full=\"https:\/\/parafia-mm-dobrodzien.pl\/wp-content\/uploads\/2022\/03\/q1.jpg\" title=\"q1\" crop=\"\" width=\"300\" height=\"225\" src=\"https:\/\/parafia-mm-dobrodzien.pl\/wp-content\/uploads\/2022\/03\/q1-300x225.jpg\" data-src=\"https:\/\/parafia-mm-dobrodzien.pl\/wp-content\/uploads\/2022\/03\/q1-300x225.jpg\" data-caption=\"\" srcset=\"https:\/\/parafia-mm-dobrodzien.pl\/wp-content\/uploads\/2022\/03\/q1.jpg 1998w, https:\/\/parafia-mm-dobrodzien.pl\/wp-content\/uploads\/2022\/03\/q1-300x225.jpg 300w, https:\/\/parafia-mm-dobrodzien.pl\/wp-content\/uploads\/2022\/03\/q1-1024x769.jpg 1024w, https:\/\/parafia-mm-dobrodzien.pl\/wp-content\/uploads\/2022\/03\/q1-768x577.jpg 768w, https:\/\/parafia-mm-dobrodzien.pl\/wp-content\/uploads\/2022\/03\/q1-1536x1153.jpg 1536w\" sizes=\"auto, (max-width: 300px) 100vw, 300px\" \/>\n\t<\/div>\n\n<\/div>\t\t\n\t<\/div>\n\n\t\n\t\n\t<script type=\"application\/ld+json\">\n\t{\n\t\t\"@context\": \"http:\/\/schema.org\",\n\t\t\"@type\"   : \"ImageGallery\",\n\t\t\"id\"      : \"https:\/\/parafia-mm-dobrodzien.pl\/index.php\/home-2\/galeria\/uroczystosc-odpustowa-ku-czci-swietego-walentego-14-02-2022\/\",\n\t\t\"url\"     : \"https:\/\/parafia-mm-dobrodzien.pl\/index.php\/home-2\/galeria\/uroczystosc-odpustowa-ku-czci-swietego-walentego-14-02-2022\/\"\n\t}\n\n\t<\/script>\n\n\t\n<\/div>\n\n\n\n\n<br><a href=\"https:\/\/parafia-mm-dobrodzien.pl\/index.php\/galeria\/\"><p style=\"font-size: 16px; color: #292A3B; text-decoration: underline;\">Wr\u00f3\u0107 do <b>Galeria<\/b><\/p><\/a>\n","protected":false},"excerpt":{"rendered":"<p>Wr\u00f3\u0107 do Galeria<\/p>\n","protected":false},"author":2,"featured_media":681,"parent":691,"menu_order":0,"comment_status":"closed","ping_status":"closed","template":"","meta":{"colormag_page_container_layout":"no_sidebar_full_width","colormag_page_sidebar_layout":"no_sidebar","footnotes":""},"class_list":["post-686","page","type-page","status-publish","has-post-thumbnail","hentry"],"_links":{"self":[{"href":"https:\/\/parafia-mm-dobrodzien.pl\/index.php\/wp-json\/wp\/v2\/pages\/686","targetHints":{"allow":["GET"]}}],"collection":[{"href":"https:\/\/parafia-mm-dobrodzien.pl\/index.php\/wp-json\/wp\/v2\/pages"}],"about":[{"href":"https:\/\/parafia-mm-dobrodzien.pl\/index.php\/wp-json\/wp\/v2\/types\/page"}],"author":[{"embeddable":true,"href":"https:\/\/parafia-mm-dobrodzien.pl\/index.php\/wp-json\/wp\/v2\/users\/2"}],"replies":[{"embeddable":true,"href":"https:\/\/parafia-mm-dobrodzien.pl\/index.php\/wp-json\/wp\/v2\/comments?post=686"}],"version-history":[{"count":3,"href":"https:\/\/parafia-mm-dobrodzien.pl\/index.php\/wp-json\/wp\/v2\/pages\/686\/revisions"}],"predecessor-version":[{"id":935,"href":"https:\/\/parafia-mm-dobrodzien.pl\/index.php\/wp-json\/wp\/v2\/pages\/686\/revisions\/935"}],"up":[{"embeddable":true,"href":"https:\/\/parafia-mm-dobrodzien.pl\/index.php\/wp-json\/wp\/v2\/pages\/691"}],"wp:featuredmedia":[{"embeddable":true,"href":"https:\/\/parafia-mm-dobrodzien.pl\/index.php\/wp-json\/wp\/v2\/media\/681"}],"wp:attachment":[{"href":"https:\/\/parafia-mm-dobrodzien.pl\/index.php\/wp-json\/wp\/v2\/media?parent=686"}],"curies":[{"name":"wp","href":"https:\/\/api.w.org\/{rel}","templated":true}]}}